{"id":180,"date":"2022-05-18T10:42:40","date_gmt":"2022-05-18T10:42:40","guid":{"rendered":"https:\/\/puzzlepassion.com\/politica-de-cookies\/"},"modified":"2022-05-20T06:57:06","modified_gmt":"2022-05-20T06:57:06","slug":"politica-de-cookies","status":"publish","type":"page","link":"https:\/\/puzzlepassion.com\/pt-pt\/politica-de-cookies\/","title":{"rendered":"Pol\u00edtica de cookies"},"content":{"rendered":"\t\t<div data-elementor-type=\"wp-page\" data-elementor-id=\"180\" class=\"elementor elementor-180 elementor-114\" data-elementor-post-type=\"page\">\n\t\t\t\t\t\t<section class=\"elementor-section elementor-top-section elementor-element elementor-element-00b5f6f elementor-section-height-min-height elementor-section-boxed elementor-section-height-default elementor-section-items-middle\" data-id=\"00b5f6f\" data-element_type=\"section\" data-e-type=\"section\" data-settings=\"{&quot;background_background&quot;:&quot;classic&quot;}\">\n\t\t\t\t\t\t<div class=\"elementor-container elementor-column-gap-default\">\n\t\t\t\t\t<div class=\"elementor-column elementor-col-100 elementor-top-column elementor-element elementor-element-3a57096\" data-id=\"3a57096\" data-element_type=\"column\" data-e-type=\"column\">\n\t\t\t<div class=\"elementor-widget-wrap elementor-element-populated\">\n\t\t\t\t\t\t<div class=\"elementor-element elementor-element-86ce25c elementor-widget elementor-widget-heading\" data-id=\"86ce25c\" data-element_type=\"widget\" data-e-type=\"widget\" data-widget_type=\"heading.default\">\n\t\t\t\t<div class=\"elementor-widget-container\">\n\t\t\t\t\t<h2 class=\"elementor-heading-title elementor-size-default\">Pol\u00edtica de cookies<\/h2>\t\t\t\t<\/div>\n\t\t\t\t<\/div>\n\t\t\t\t\t<\/div>\n\t\t<\/div>\n\t\t\t\t\t<\/div>\n\t\t<\/section>\n\t\t\t\t<section class=\"elementor-section elementor-top-section elementor-element elementor-element-48d698c elementor-section-boxed elementor-section-height-default elementor-section-height-default\" data-id=\"48d698c\" data-element_type=\"section\" data-e-type=\"section\">\n\t\t\t\t\t\t<div class=\"elementor-container elementor-column-gap-default\">\n\t\t\t\t\t<div class=\"elementor-column elementor-col-100 elementor-top-column elementor-element elementor-element-8b09c7a\" data-id=\"8b09c7a\" data-element_type=\"column\" data-e-type=\"column\">\n\t\t\t<div class=\"elementor-widget-wrap elementor-element-populated\">\n\t\t\t\t\t\t<div class=\"elementor-element elementor-element-0dd5c4b elementor-widget elementor-widget-heading\" data-id=\"0dd5c4b\" data-element_type=\"widget\" data-e-type=\"widget\" data-widget_type=\"heading.default\">\n\t\t\t\t<div class=\"elementor-widget-container\">\n\t\t\t\t\t<h2 class=\"elementor-heading-title elementor-size-default\">O que s\u00e3o os cookies?\n\n\n<\/h2>\t\t\t\t<\/div>\n\t\t\t\t<\/div>\n\t\t\t\t<div class=\"elementor-element elementor-element-2d540e2 elementor-widget elementor-widget-heading\" data-id=\"2d540e2\" data-element_type=\"widget\" data-e-type=\"widget\" data-widget_type=\"heading.default\">\n\t\t\t\t<div class=\"elementor-widget-container\">\n\t\t\t\t\t<h2 class=\"elementor-heading-title elementor-size-default\">Os cookies s\u00e3o pequenos ficheiros de texto enviados para o navegador pelos sites e que ficam armazenados no terminal do utilizador, que pode ser um computador port\u00e1til, um telem\u00f3vel, um tablet, etc.  Estes ficheiros permitem ao site armazenar informa\u00e7\u00f5es sobre a sua visita, como o idioma e as op\u00e7\u00f5es preferidas, de forma a facilitar a sua pr\u00f3xima visita e tornar o site mais \u00fatil ao personalizar o seu conte\u00fado. Os cookies desempenham um papel muito importante ao melhorar a experi\u00eancia de utiliza\u00e7\u00e3o do site.\n\n\n<\/h2>\t\t\t\t<\/div>\n\t\t\t\t<\/div>\n\t\t\t\t<div class=\"elementor-element elementor-element-510685c elementor-widget elementor-widget-heading\" data-id=\"510685c\" data-element_type=\"widget\" data-e-type=\"widget\" data-widget_type=\"heading.default\">\n\t\t\t\t<div class=\"elementor-widget-container\">\n\t\t\t\t\t<h2 class=\"elementor-heading-title elementor-size-default\">Tipos de cookies utilizados\n\n\n<\/h2>\t\t\t\t<\/div>\n\t\t\t\t<\/div>\n\t\t\t\t<div class=\"elementor-element elementor-element-6d53aa3 elementor-widget elementor-widget-heading\" data-id=\"6d53aa3\" data-element_type=\"widget\" data-e-type=\"widget\" data-widget_type=\"heading.default\">\n\t\t\t\t<div class=\"elementor-widget-container\">\n\t\t\t\t\t<h2 class=\"elementor-heading-title elementor-size-default\">Este site utiliza tanto cookies tempor\u00e1rios (de sess\u00e3o) como cookies permanentes. Os cookies de sess\u00e3o armazenam os dados apenas enquanto o Utilizador acede ao site e os cookies permanentes armazenam os dados no terminal para que sejam acedidos e utilizados em mais do que uma sess\u00e3o.\nDependendo do objetivo do tratamento dos dados obtidos atrav\u00e9s dos cookies, o site pode utilizar:\n\n<\/h2>\t\t\t\t<\/div>\n\t\t\t\t<\/div>\n\t\t\t\t<div class=\"elementor-element elementor-element-9191a84 elementor-widget elementor-widget-heading\" data-id=\"9191a84\" data-element_type=\"widget\" data-e-type=\"widget\" data-widget_type=\"heading.default\">\n\t\t\t\t<div class=\"elementor-widget-container\">\n\t\t\t\t\t<h2 class=\"elementor-heading-title elementor-size-default\">COOKIES T\u00c9CNICOS\n\n<br><br>\nCookies que permitem ao utilizador navegar numa p\u00e1gina Web ou aplica\u00e7\u00e3o e utilizar as diferentes op\u00e7\u00f5es ou servi\u00e7os que nela existam. Por exemplo, controlar o tr\u00e1fego e a comunica\u00e7\u00e3o de dados, identificar e manter a sess\u00e3o do utilizador, aceder a partes de acesso restrito, recordar os elementos que integram um pedido, efetuar um pedido de inscri\u00e7\u00e3o ou participar num evento, utilizar elementos de seguran\u00e7a durante a navega\u00e7\u00e3o e armazenar conte\u00fados para reproduzir v\u00eddeos ou som.\n\n\n <br><br>\n\nCOOKIES PERMANENTES\n\n<br><br>\nCookies armazenados no disco r\u00edgido e que o nosso site l\u00ea sempre que efetuar uma nova visita. Um cookie permanente possui uma determinada data de validade. O cookie deixar\u00e1 de funcionar ap\u00f3s essa data.\n\n\n <br><br>\n\nCOOKIES PERSONALIZADOS\n\n<br><br>\nCookies que permitem ao utilizador aceder ao servi\u00e7o com algumas caracter\u00edsticas de car\u00e1ter geral predefinidas no seu terminal ou definidas pelo pr\u00f3prio utilizador. Por exemplo, o idioma, o tipo de navegador atrav\u00e9s do qual acede ao servi\u00e7o, o design dos conte\u00fados selecionado, geolocaliza\u00e7\u00e3o do terminal e a configura\u00e7\u00e3o regional da localiza\u00e7\u00e3o de acesso ao servi\u00e7o.\n\n\n <br><br>\n\nCOOKIES DE PUBLICIDADE\n\n<br><br>\nCookies que permitem gerir eficazmente os espa\u00e7os publicit\u00e1rios inclu\u00eddos na p\u00e1gina Web ou aplica\u00e7\u00e3o na qual o servi\u00e7o \u00e9 prestado. Permitem adequar o conte\u00fado da publicidade de forma a que esta seja relevante para o utilizador e para evitar mostrar an\u00fancios que o utilizador j\u00e1 tenha visto.\n\n\n <br><br>\n\nCOOKIES ANAL\u00cdTICOS\n\n<br><br>\nCookies que permitem acompanhar e analisar o comportamento dos utilizadores nos sites. As informa\u00e7\u00f5es recolhidas por este tipo de cookies s\u00e3o utilizadas na medi\u00e7\u00e3o da atividade nos sites, aplica\u00e7\u00e3o ou plataforma e para a elabora\u00e7\u00e3o de perfis de navega\u00e7\u00e3o dos utilizadores desses sites, com vista a introduzir melhorias no servi\u00e7o em fun\u00e7\u00e3o dos dados da utiliza\u00e7\u00e3o por parte dos utilizadores.\n\n\n <br><br>\n\nCOOKIES DE TERCEIROS\n\n<br><br>\nEm algumas p\u00e1ginas Web, \u00e9 poss\u00edvel instalar cookies de terceiros que permitem gerir e melhorar os servi\u00e7os disponibilizados, identificar os utilizadores para fins estat\u00edsticos, partilhar conte\u00fados em redes sociais ou prestar outros servi\u00e7os relacionados com a atividade do site e outros servi\u00e7os de Internet.\n\n<\/h2>\t\t\t\t<\/div>\n\t\t\t\t<\/div>\n\t\t\t\t<div class=\"elementor-element elementor-element-3d71035 elementor-widget elementor-widget-heading\" data-id=\"3d71035\" data-element_type=\"widget\" data-e-type=\"widget\" data-widget_type=\"heading.default\">\n\t\t\t\t<div class=\"elementor-widget-container\">\n\t\t\t\t\t<h2 class=\"elementor-heading-title elementor-size-default\">Mais informa\u00e7\u00f5es sobre cookies da Google:\n\nhttps:\/\/www.google.es\/intl\/es\/policies\/technologies\/types\/<\/h2>\t\t\t\t<\/div>\n\t\t\t\t<\/div>\n\t\t\t\t<div class=\"elementor-element elementor-element-44d0462 elementor-widget elementor-widget-heading\" data-id=\"44d0462\" data-element_type=\"widget\" data-e-type=\"widget\" data-widget_type=\"heading.default\">\n\t\t\t\t<div class=\"elementor-widget-container\">\n\t\t\t\t\t<h2 class=\"elementor-heading-title elementor-size-default\">Cookies da AddThis: \u00e9 uma empresa tecnol\u00f3gica que permite aos sites e aos seus utilizadores partilhar facilmente o conte\u00fado com os outros, atrav\u00e9s de \u00edcones de interc\u00e2mbio e dos destinos de bookmarking social. Os cookies AddThis s\u00e3o utilizados com vista a permitir que o conte\u00fado seja partilhado. AddThis tamb\u00e9m se utiliza para reunir informa\u00e7\u00f5es sobre de que forma o conte\u00fado do site \u00e9 partilhado. Os cookies ajudam a identificar univocamente um utilizador, ainda que n\u00e3o de forma pessoal, mas sim em termos de endere\u00e7o, para n\u00e3o repetir tarefas dentro de um determinado per\u00edodo de tempo. http:\/\/www.addthis.com\/privacy\n\n\n<\/h2>\t\t\t\t<\/div>\n\t\t\t\t<\/div>\n\t\t\t\t<div class=\"elementor-element elementor-element-d0a2cbd elementor-widget elementor-widget-heading\" data-id=\"d0a2cbd\" data-element_type=\"widget\" data-e-type=\"widget\" data-widget_type=\"heading.default\">\n\t\t\t\t<div class=\"elementor-widget-container\">\n\t\t\t\t\t<h2 class=\"elementor-heading-title elementor-size-default\">Al\u00e9m disso, para permitir, conhecer, bloquear ou eliminar os cookies instalados no seu equipamento pode faz\u00ea-lo atrav\u00e9s da configura\u00e7\u00e3o das op\u00e7\u00f5es do navegador instalado no seu computador. Por exemplo, pode encontrar informa\u00e7\u00f5es sobre como faz\u00ea-lo:\n\n\n<\/h2>\t\t\t\t<\/div>\n\t\t\t\t<\/div>\n\t\t\t\t<div class=\"elementor-element elementor-element-be8fadc elementor-widget elementor-widget-heading\" data-id=\"be8fadc\" data-element_type=\"widget\" data-e-type=\"widget\" data-widget_type=\"heading.default\">\n\t\t\t\t<div class=\"elementor-widget-container\">\n\t\t\t\t\t<h2 class=\"elementor-heading-title elementor-size-default\">Importante: pedimos-lhe que leia atentamente a sec\u00e7\u00e3o de ajuda do seu navegador para saber mais sobre como ativar o \u201cmodo privado\u201d. Ainda que o seu navegador esteja em \u201cmodo privado\u201d, poder\u00e1 continuar a visitar o nosso site. No entanto, a sua navega\u00e7\u00e3o no site poder\u00e1 n\u00e3o ser excelente e algumas funcionalidades poder\u00e3o n\u00e3o funcionar corretamente.\n\n\n\n\n\n\n<\/h2>\t\t\t\t<\/div>\n\t\t\t\t<\/div>\n\t\t\t\t\t<\/div>\n\t\t<\/div>\n\t\t\t\t\t<\/div>\n\t\t<\/section>\n\t\t\t\t<\/div>\n\t\t","protected":false},"excerpt":{"rendered":"<p>Pol\u00edtica de cookies O que s\u00e3o os cookies? Os cookies s\u00e3o pequenos ficheiros de texto enviados para o navegador pelos sites e que ficam armazenados no terminal do utilizador, que pode ser um computador port\u00e1til, um telem\u00f3vel, um tablet, etc. Estes ficheiros permitem ao site armazenar informa\u00e7\u00f5es sobre a sua visita, como o idioma e &#8230; <a title=\"Pol\u00edtica de cookies\" class=\"read-more\" href=\"https:\/\/puzzlepassion.com\/pt-pt\/politica-de-cookies\/\" aria-label=\"Leia mais sobre Pol\u00edtica de cookies\">Ler mais<\/a><\/p>\n","protected":false},"author":1,"featured_media":0,"parent":0,"menu_order":0,"comment_status":"closed","ping_status":"closed","template":"elementor_header_footer","meta":{"footnotes":""},"class_list":["post-180","page","type-page","status-publish"],"_links":{"self":[{"href":"https:\/\/puzzlepassion.com\/pt-pt\/wp-json\/wp\/v2\/pages\/180","targetHints":{"allow":["GET"]}}],"collection":[{"href":"https:\/\/puzzlepassion.com\/pt-pt\/wp-json\/wp\/v2\/pages"}],"about":[{"href":"https:\/\/puzzlepassion.com\/pt-pt\/wp-json\/wp\/v2\/types\/page"}],"author":[{"embeddable":true,"href":"https:\/\/puzzlepassion.com\/pt-pt\/wp-json\/wp\/v2\/users\/1"}],"replies":[{"embeddable":true,"href":"https:\/\/puzzlepassion.com\/pt-pt\/wp-json\/wp\/v2\/comments?post=180"}],"version-history":[{"count":0,"href":"https:\/\/puzzlepassion.com\/pt-pt\/wp-json\/wp\/v2\/pages\/180\/revisions"}],"wp:attachment":[{"href":"https:\/\/puzzlepassion.com\/pt-pt\/wp-json\/wp\/v2\/media?parent=180"}],"curies":[{"name":"wp","href":"https:\/\/api.w.org\/{rel}","templated":true}]}}