{"id":179,"date":"2022-05-18T10:42:40","date_gmt":"2022-05-18T10:42:40","guid":{"rendered":"https:\/\/puzzlepassion.com\/politica-de-cookies\/"},"modified":"2022-05-20T09:47:56","modified_gmt":"2022-05-20T09:47:56","slug":"politique-de-cookies","status":"publish","type":"page","link":"https:\/\/puzzlepassion.com\/fr\/politique-de-cookies\/","title":{"rendered":"Politique de cookies"},"content":{"rendered":"\t\t<div data-elementor-type=\"wp-page\" data-elementor-id=\"179\" class=\"elementor elementor-179 elementor-114\" data-elementor-post-type=\"page\">\n\t\t\t\t\t\t<section class=\"elementor-section elementor-top-section elementor-element elementor-element-00b5f6f elementor-section-height-min-height elementor-section-boxed elementor-section-height-default elementor-section-items-middle\" data-id=\"00b5f6f\" data-element_type=\"section\" data-e-type=\"section\" data-settings=\"{&quot;background_background&quot;:&quot;classic&quot;}\">\n\t\t\t\t\t\t<div class=\"elementor-container elementor-column-gap-default\">\n\t\t\t\t\t<div class=\"elementor-column elementor-col-100 elementor-top-column elementor-element elementor-element-3a57096\" data-id=\"3a57096\" data-element_type=\"column\" data-e-type=\"column\">\n\t\t\t<div class=\"elementor-widget-wrap elementor-element-populated\">\n\t\t\t\t\t\t<div class=\"elementor-element elementor-element-86ce25c elementor-widget elementor-widget-heading\" data-id=\"86ce25c\" data-element_type=\"widget\" data-e-type=\"widget\" data-widget_type=\"heading.default\">\n\t\t\t\t<div class=\"elementor-widget-container\">\n\t\t\t\t\t<h2 class=\"elementor-heading-title elementor-size-default\">Politique de cookies<\/h2>\t\t\t\t<\/div>\n\t\t\t\t<\/div>\n\t\t\t\t\t<\/div>\n\t\t<\/div>\n\t\t\t\t\t<\/div>\n\t\t<\/section>\n\t\t\t\t<section class=\"elementor-section elementor-top-section elementor-element elementor-element-48d698c elementor-section-boxed elementor-section-height-default elementor-section-height-default\" data-id=\"48d698c\" data-element_type=\"section\" data-e-type=\"section\">\n\t\t\t\t\t\t<div class=\"elementor-container elementor-column-gap-default\">\n\t\t\t\t\t<div class=\"elementor-column elementor-col-100 elementor-top-column elementor-element elementor-element-8b09c7a\" data-id=\"8b09c7a\" data-element_type=\"column\" data-e-type=\"column\">\n\t\t\t<div class=\"elementor-widget-wrap elementor-element-populated\">\n\t\t\t\t\t\t<div class=\"elementor-element elementor-element-0dd5c4b elementor-widget elementor-widget-heading\" data-id=\"0dd5c4b\" data-element_type=\"widget\" data-e-type=\"widget\" data-widget_type=\"heading.default\">\n\t\t\t\t<div class=\"elementor-widget-container\">\n\t\t\t\t\t<h2 class=\"elementor-heading-title elementor-size-default\">Qu\u2019est-ce qu\u2019un cookie ?\n\n\n<\/h2>\t\t\t\t<\/div>\n\t\t\t\t<\/div>\n\t\t\t\t<div class=\"elementor-element elementor-element-2d540e2 elementor-widget elementor-widget-heading\" data-id=\"2d540e2\" data-element_type=\"widget\" data-e-type=\"widget\" data-widget_type=\"heading.default\">\n\t\t\t\t<div class=\"elementor-widget-container\">\n\t\t\t\t\t<h2 class=\"elementor-heading-title elementor-size-default\">Un cookie est un petit fichier texte que les sites Web envoient au navigateur et qui est stock\u00e9 sur le terminal de l\u2019utilisateur, lequel peut \u00eatre un ordinateur personnel, un t\u00e9l\u00e9phone portable, une tablette, etc.  Ces fichiers permettent au site Web de conserver des informations relatives \u00e0 votre visite, notamment la langue et les options pr\u00e9f\u00e9r\u00e9es, ce qui peut faciliter votre prochaine visite et rendre le site plus utile gr\u00e2ce \u00e0 la personnalisation de son contenu. Les cookies jouent un r\u00f4le tr\u00e8s important, car ils am\u00e9liorent l\u2019utilisation du site Web.\n\n\n<\/h2>\t\t\t\t<\/div>\n\t\t\t\t<\/div>\n\t\t\t\t<div class=\"elementor-element elementor-element-510685c elementor-widget elementor-widget-heading\" data-id=\"510685c\" data-element_type=\"widget\" data-e-type=\"widget\" data-widget_type=\"heading.default\">\n\t\t\t\t<div class=\"elementor-widget-container\">\n\t\t\t\t\t<h2 class=\"elementor-heading-title elementor-size-default\">Types de cookies utilis\u00e9s\n\n\n<\/h2>\t\t\t\t<\/div>\n\t\t\t\t<\/div>\n\t\t\t\t<div class=\"elementor-element elementor-element-6d53aa3 elementor-widget elementor-widget-heading\" data-id=\"6d53aa3\" data-element_type=\"widget\" data-e-type=\"widget\" data-widget_type=\"heading.default\">\n\t\t\t\t<div class=\"elementor-widget-container\">\n\t\t\t\t\t<h2 class=\"elementor-heading-title elementor-size-default\">Ce site Web utilise tant des cookies de session temporaires que des cookies permanents. Les cookies de session stockent les donn\u00e9es tant que l\u2019utilisateur acc\u00e8de au Web et les cookies permanents stockent les donn\u00e9es dans le terminal afin qu\u2019elles puissent \u00eatre consult\u00e9es et utilis\u00e9es pendant plus d\u2019une session.\n\nEn fonction de la finalit\u00e9 pour laquelle les donn\u00e9es obtenues par le biais des cookies sont trait\u00e9es, le site Web peut utiliser :\n\n<\/h2>\t\t\t\t<\/div>\n\t\t\t\t<\/div>\n\t\t\t\t<div class=\"elementor-element elementor-element-9191a84 elementor-widget elementor-widget-heading\" data-id=\"9191a84\" data-element_type=\"widget\" data-e-type=\"widget\" data-widget_type=\"heading.default\">\n\t\t\t\t<div class=\"elementor-widget-container\">\n\t\t\t\t\t<h2 class=\"elementor-heading-title elementor-size-default\">COOKIES TECHNIQUES\n\n<br><br>\nIls permettent \u00e0 l\u2019utilisateur de naviguer dans la page Web ou l\u2019application et d\u2019utiliser les diff\u00e9rentes options ou services qui y sont propos\u00e9s. Par exemple, contr\u00f4ler le trafic et la communication de donn\u00e9es, identifier et maintenir la session de l\u2019utilisateur, acc\u00e9der aux parties du site Web avec acc\u00e8s restreint, rem\u00e9morer les \u00e9l\u00e9ments inclus dans une commande, demander l\u2019inscription ou la participation \u00e0 un \u00e9v\u00e9nement, utiliser des \u00e9l\u00e9ments de s\u00e9curit\u00e9 pendant la navigation et stocker le contenu pour la diffusion de fichiers vid\u00e9os ou audios.\n\n\n <br><br>\n\nCOOKIES PERMANENTS\n\n<br><br>\nCe sont ceux qui sont stock\u00e9s sur le disque dur et notre site les lit \u00e0 chaque nouvelle visite. Un cookie permanent poss\u00e8de une date d\u2019expiration d\u00e9finie. Le cookie cessera de fonctionner apr\u00e8s cette date.\n\n\n <br><br>\n\nCOOKIES DE PERSONNALISATION\n\n<br><br>\nIls permettent \u00e0 l\u2019utilisateur d\u2019acc\u00e9der au service selon des caract\u00e9ristiques g\u00e9n\u00e9rales pr\u00e9d\u00e9finies dans son terminal ou d\u00e9finies par ses soins. Par exemple, la langue, le type de navigateur gr\u00e2ce auquel il acc\u00e8de au service, le design des contenus s\u00e9lectionn\u00e9, la g\u00e9olocalisation du terminal et la configuration r\u00e9gionale depuis laquelle on acc\u00e8de au service.\n\n\n <br><br>\n\nCOOKIES PUBLICITAIRES\n\n<br><br>\nIls permettent une gestion efficace des espaces publicitaires qui ont \u00e9t\u00e9 inclus dans la page Web ou l\u2019application depuis laquelle le service est fourni. Ils permettent d\u2019adapter le contenu publicitaire, afin de le rendre pertinent pour l\u2019utilisateur et d\u2019\u00e9viter d\u2019afficher des publicit\u00e9s que l\u2019utilisateur a d\u00e9j\u00e0 vues.\n\n\n <br><br>\n\nCOOKIES D\u2019ANALYSE STATISTIQUE\n\n<br><br>\nIls permettent d\u2019effectuer le suivi et l\u2019analyse du comportement des utilisateurs sur les sites Web. Les informations collect\u00e9es par ce type de cookies sont utilis\u00e9es pour mesurer l\u2019activit\u00e9 des sites Web, des applications ou des plates-formes et pour \u00e9laborer des profils de navigation des utilisateurs de ces sites, le but \u00e9tant d\u2019am\u00e9liorer le service en fonction des donn\u00e9es sur l\u2019utilisation qui en est faite.\n\n\n <br><br>\n\nCOOKIES TIERS\n\n<br><br>\nCertaines pages Web peuvent installer des cookies tiers qui permettent de g\u00e9rer, d\u2019am\u00e9liorer les services propos\u00e9s, identifier les utilisateurs, \u00e0 des fins statistiques, partager du contenu sur les r\u00e9seaux sociaux ou pr\u00eater d\u2019autres services li\u00e9s \u00e0 l\u2019activit\u00e9 du site Web et autres services Internet.\n\n<\/h2>\t\t\t\t<\/div>\n\t\t\t\t<\/div>\n\t\t\t\t<div class=\"elementor-element elementor-element-3d71035 elementor-widget elementor-widget-heading\" data-id=\"3d71035\" data-element_type=\"widget\" data-e-type=\"widget\" data-widget_type=\"heading.default\">\n\t\t\t\t<div class=\"elementor-widget-container\">\n\t\t\t\t\t<h2 class=\"elementor-heading-title elementor-size-default\">En savoir plus sur les cookies de Google :\n\nhttps:\/\/www.google.es\/intl\/es\/policies\/technologies\/types\/<\/h2>\t\t\t\t<\/div>\n\t\t\t\t<\/div>\n\t\t\t\t<div class=\"elementor-element elementor-element-44d0462 elementor-widget elementor-widget-heading\" data-id=\"44d0462\" data-element_type=\"widget\" data-e-type=\"widget\" data-widget_type=\"heading.default\">\n\t\t\t\t<div class=\"elementor-widget-container\">\n\t\t\t\t\t<h2 class=\"elementor-heading-title elementor-size-default\">Les cookies d\u2019AddThis : il s\u2019agit d\u2019une entreprise technologique qui permet aux sites Web et \u00e0 leurs utilisateurs de partager facilement du contenu, \u00e0 travers des ic\u00f4nes d\u2019\u00e9change et des destinations de bookmarking social. Les cookies AddThis sont utilis\u00e9s pour rendre le contenu partageable. AddThis est \u00e9galement utilis\u00e9 pour collecter des informations sur la fa\u00e7on dont le contenu du site Web est partag\u00e9. Les cookies permettent d\u2019identifier un utilisateur de mani\u00e8re unique, non pas personnellement, mais en fonction de son adresse, afin de ne pas r\u00e9p\u00e9ter les t\u00e2ches dans une p\u00e9riode de temps d\u00e9termin\u00e9e. http:\/\/www.addthis.com\/privacy<\/h2>\t\t\t\t<\/div>\n\t\t\t\t<\/div>\n\t\t\t\t<div class=\"elementor-element elementor-element-d0a2cbd elementor-widget elementor-widget-heading\" data-id=\"d0a2cbd\" data-element_type=\"widget\" data-e-type=\"widget\" data-widget_type=\"heading.default\">\n\t\t\t\t<div class=\"elementor-widget-container\">\n\t\t\t\t\t<h2 class=\"elementor-heading-title elementor-size-default\">En outre, pour autoriser, conna\u00eetre, bloquer ou \u00e9liminer les cookies install\u00e9s sur votre \u00e9quipement, vous pouvez configurer les options du navigateur install\u00e9 sur votre ordinateur.<\/h2>\t\t\t\t<\/div>\n\t\t\t\t<\/div>\n\t\t\t\t<div class=\"elementor-element elementor-element-be8fadc elementor-widget elementor-widget-heading\" data-id=\"be8fadc\" data-element_type=\"widget\" data-e-type=\"widget\" data-widget_type=\"heading.default\">\n\t\t\t\t<div class=\"elementor-widget-container\">\n\t\t\t\t\t<h2 class=\"elementor-heading-title elementor-size-default\">Important : Veuillez lire attentivement la rubrique d\u2019aide de votre navigateur pour en savoir plus sur l\u2019activation de la \u00ab navigation priv\u00e9e \u00bb. Vous pourrez continuer \u00e0 visiter notre site Web, m\u00eame si votre navigateur est en mode \u00ab navigation priv\u00e9e \u00bb, mais votre navigation ne sera peut-\u00eatre pas optimale et certains utilitaires pourraient ne pas fonctionner correctement.<\/h2>\t\t\t\t<\/div>\n\t\t\t\t<\/div>\n\t\t\t\t\t<\/div>\n\t\t<\/div>\n\t\t\t\t\t<\/div>\n\t\t<\/section>\n\t\t\t\t<\/div>\n\t\t","protected":false},"excerpt":{"rendered":"<p>Politique de cookies Qu\u2019est-ce qu\u2019un cookie ? Un cookie est un petit fichier texte que les sites Web envoient au navigateur et qui est stock\u00e9 sur le terminal de l\u2019utilisateur, lequel peut \u00eatre un ordinateur personnel, un t\u00e9l\u00e9phone portable, une tablette, etc. Ces fichiers permettent au site Web de conserver des informations relatives \u00e0 votre &#8230; <a title=\"Politique de cookies\" class=\"read-more\" href=\"https:\/\/puzzlepassion.com\/fr\/politique-de-cookies\/\" aria-label=\"Read more about Politique de cookies\">Lire la suite<\/a><\/p>\n","protected":false},"author":1,"featured_media":0,"parent":0,"menu_order":0,"comment_status":"closed","ping_status":"closed","template":"elementor_header_footer","meta":{"footnotes":""},"class_list":["post-179","page","type-page","status-publish"],"_links":{"self":[{"href":"https:\/\/puzzlepassion.com\/fr\/wp-json\/wp\/v2\/pages\/179","targetHints":{"allow":["GET"]}}],"collection":[{"href":"https:\/\/puzzlepassion.com\/fr\/wp-json\/wp\/v2\/pages"}],"about":[{"href":"https:\/\/puzzlepassion.com\/fr\/wp-json\/wp\/v2\/types\/page"}],"author":[{"embeddable":true,"href":"https:\/\/puzzlepassion.com\/fr\/wp-json\/wp\/v2\/users\/1"}],"replies":[{"embeddable":true,"href":"https:\/\/puzzlepassion.com\/fr\/wp-json\/wp\/v2\/comments?post=179"}],"version-history":[{"count":0,"href":"https:\/\/puzzlepassion.com\/fr\/wp-json\/wp\/v2\/pages\/179\/revisions"}],"wp:attachment":[{"href":"https:\/\/puzzlepassion.com\/fr\/wp-json\/wp\/v2\/media?parent=179"}],"curies":[{"name":"wp","href":"https:\/\/api.w.org\/{rel}","templated":true}]}}