{"id":181,"date":"2022-05-18T10:42:40","date_gmt":"2022-05-18T10:42:40","guid":{"rendered":"https:\/\/puzzlepassion.com\/politica-de-cookies\/"},"modified":"2022-05-19T14:10:58","modified_gmt":"2022-05-19T14:10:58","slug":"politica-de-cookies","status":"publish","type":"page","link":"https:\/\/puzzlepassion.com\/ca\/politica-de-cookies\/","title":{"rendered":"Pol\u00edtica de cookies"},"content":{"rendered":"\t\t<div data-elementor-type=\"wp-page\" data-elementor-id=\"181\" class=\"elementor elementor-181 elementor-114\" data-elementor-post-type=\"page\">\n\t\t\t\t\t\t<section class=\"elementor-section elementor-top-section elementor-element elementor-element-00b5f6f elementor-section-height-min-height elementor-section-boxed elementor-section-height-default elementor-section-items-middle\" data-id=\"00b5f6f\" data-element_type=\"section\" data-e-type=\"section\" data-settings=\"{&quot;background_background&quot;:&quot;classic&quot;}\">\n\t\t\t\t\t\t<div class=\"elementor-container elementor-column-gap-default\">\n\t\t\t\t\t<div class=\"elementor-column elementor-col-100 elementor-top-column elementor-element elementor-element-3a57096\" data-id=\"3a57096\" data-element_type=\"column\" data-e-type=\"column\">\n\t\t\t<div class=\"elementor-widget-wrap elementor-element-populated\">\n\t\t\t\t\t\t<div class=\"elementor-element elementor-element-86ce25c elementor-widget elementor-widget-heading\" data-id=\"86ce25c\" data-element_type=\"widget\" data-e-type=\"widget\" data-widget_type=\"heading.default\">\n\t\t\t\t<div class=\"elementor-widget-container\">\n\t\t\t\t\t<h2 class=\"elementor-heading-title elementor-size-default\">Pol\u00edtica de cookies<\/h2>\t\t\t\t<\/div>\n\t\t\t\t<\/div>\n\t\t\t\t\t<\/div>\n\t\t<\/div>\n\t\t\t\t\t<\/div>\n\t\t<\/section>\n\t\t\t\t<section class=\"elementor-section elementor-top-section elementor-element elementor-element-48d698c elementor-section-boxed elementor-section-height-default elementor-section-height-default\" data-id=\"48d698c\" data-element_type=\"section\" data-e-type=\"section\">\n\t\t\t\t\t\t<div class=\"elementor-container elementor-column-gap-default\">\n\t\t\t\t\t<div class=\"elementor-column elementor-col-100 elementor-top-column elementor-element elementor-element-8b09c7a\" data-id=\"8b09c7a\" data-element_type=\"column\" data-e-type=\"column\">\n\t\t\t<div class=\"elementor-widget-wrap elementor-element-populated\">\n\t\t\t\t\t\t<div class=\"elementor-element elementor-element-0dd5c4b elementor-widget elementor-widget-heading\" data-id=\"0dd5c4b\" data-element_type=\"widget\" data-e-type=\"widget\" data-widget_type=\"heading.default\">\n\t\t\t\t<div class=\"elementor-widget-container\">\n\t\t\t\t\t<h2 class=\"elementor-heading-title elementor-size-default\">Qu\u00e8 \u00e9s una cookie?\n\n\n<\/h2>\t\t\t\t<\/div>\n\t\t\t\t<\/div>\n\t\t\t\t<div class=\"elementor-element elementor-element-2d540e2 elementor-widget elementor-widget-heading\" data-id=\"2d540e2\" data-element_type=\"widget\" data-e-type=\"widget\" data-widget_type=\"heading.default\">\n\t\t\t\t<div class=\"elementor-widget-container\">\n\t\t\t\t\t<h2 class=\"elementor-heading-title elementor-size-default\">Una cookie \u00e9s un petit fragment de text que els llocs Web envien al navegador i que s\u2019emmagatzemen a la terminal de l\u2019usuari, el qual pot ser un ordinador personal, un tel\u00e8fon m\u00f2bil, un tablet, etc. Aquests arxius permeten que el lloc Web recordi informaci\u00f3 sobre la seva visita, com l\u2019idioma i les opcions preferides, la qual cosa pot facilitar la seva pr\u00f2xima visita i fer que el lloc resulti m\u00e9s \u00fatil al personalitzar el seu contingut. Les cookies exerceixen un paper molt important, al millorar l\u2019experi\u00e8ncia d\u2019\u00fas del Web.\n\n\n<\/h2>\t\t\t\t<\/div>\n\t\t\t\t<\/div>\n\t\t\t\t<div class=\"elementor-element elementor-element-510685c elementor-widget elementor-widget-heading\" data-id=\"510685c\" data-element_type=\"widget\" data-e-type=\"widget\" data-widget_type=\"heading.default\">\n\t\t\t\t<div class=\"elementor-widget-container\">\n\t\t\t\t\t<h2 class=\"elementor-heading-title elementor-size-default\">Tipus de cookies utilitzades\n\n<\/h2>\t\t\t\t<\/div>\n\t\t\t\t<\/div>\n\t\t\t\t<div class=\"elementor-element elementor-element-6d53aa3 elementor-widget elementor-widget-heading\" data-id=\"6d53aa3\" data-element_type=\"widget\" data-e-type=\"widget\" data-widget_type=\"heading.default\">\n\t\t\t\t<div class=\"elementor-widget-container\">\n\t\t\t\t\t<h2 class=\"elementor-heading-title elementor-size-default\">Aquest Web utilitza tant cookies temporals de sessi\u00f3 com cookies permanents. Les cookies de sessi\u00f3 emmagatzemen dades \u00fanicament mentre l\u2019usuari accedeix al Web, i les cookies permanents emmagatzemen les dades al terminal per a que siguin accedides i utilitzades en m\u00e9s d\u2019una sessi\u00f3.\nSegons la finalitat per a la qual es tractin les dades obtingudes a trav\u00e9s de les cookies, el Web pot utilitzar:\n\n<\/h2>\t\t\t\t<\/div>\n\t\t\t\t<\/div>\n\t\t\t\t<div class=\"elementor-element elementor-element-9191a84 elementor-widget elementor-widget-heading\" data-id=\"9191a84\" data-element_type=\"widget\" data-e-type=\"widget\" data-widget_type=\"heading.default\">\n\t\t\t\t<div class=\"elementor-widget-container\">\n\t\t\t\t\t<h2 class=\"elementor-heading-title elementor-size-default\">COOKIES T\u00c8CNIQUES\n\n<br><br>\nS\u00f3n aquelles que permeten a l\u2019usuari la navegaci\u00f3 a trav\u00e9s de la p\u00e0gina Web o aplicaci\u00f3 i l\u2019\u00fas de les diferents opcions o serveis que en ella existeixen. Per exemple, controlar el tr\u00e0nsit i la comunicaci\u00f3 de dades, identificar i mantenir la sessi\u00f3 de l\u2019usuari, accedir a les parts Web d\u2019acc\u00e9s restringit, recordar els elements que integren una comanda, realitzar la sol\u00b7licitud d\u2019inscripci\u00f3 o participaci\u00f3 en un esdeveniment, utilitzar elements de seguretat durant la navegaci\u00f3 i emmagatzemar continguts per a la difusi\u00f3 de v\u00eddeos o sons.\n\n\n <br><br>\n\nCOOKIES PERMANENTS\n\n<br><br>\nS\u00f3n aquelles que s\u2019emmagatzemen en el disc dur i la nostra web les llegeix cada vegada que es realitza una nova visita. Una cookie permanent posseeix una data d\u2019expiraci\u00f3 determinada. La cookie deixar\u00e0 de funcionar despr\u00e9s d\u2019aquesta data.\n\n\n <br><br>\n\nCOOKIES DE PERSONALITZACI\u00d3\n\n<br><br>\nS\u00f3n aquelles que permeten a l\u2019usuari accedir al servei amb algunes caracter\u00edstiques de car\u00e0cter general predefinides en la seva terminal o que el propi usuari defineixi. Per exemple, l\u2019idioma, el tipus de navegador a trav\u00e9s del com accedeix al servei, el disseny de continguts seleccionat, geolocalizaci\u00f3n del terminal i la configuraci\u00f3 regional des d\u2019on s\u2019accedeix al servei.\n\n\n <br><br>\n\nCOOKIES PUBLICIT\u00c0RIES\n\n<br><br>\nS\u00f3n aquelles que permeten la gesti\u00f3 efica\u00e7 dels espais publicitaris que s\u2019han incl\u00f2s a la p\u00e0gina Web o aplicaci\u00f3 des de la qual es presta el servei. Permeten adequar el contingut de la publicitat perqu\u00e8 aquesta sigui rellevant per a l\u2019usuari i per evitar mostrar anuncis que l\u2019usuari ja hagi vist.\n\n\n <br><br>\n\nCOOKIES D\u2019AN\u00c0LISI ESTAD\u00cdSTICA\n\n<br><br>\nS\u00f3n aquelles que permeten realitzar el seguiment i an\u00e0lisi del comportament dels usuaris en els llocs web. La informaci\u00f3 recollida mitjan\u00e7ant aquest tipus de cookies s\u2019utilitza en el mesurament de l\u2019activitat dels llocs web, aplicaci\u00f3 o plataforma i per a l\u2019elaboraci\u00f3 de perfils de navegaci\u00f3 dels usuaris d\u2019aquests llocs, amb la finalitat d\u2019introduir millores en el servei en funci\u00f3 de les dades d\u2019\u00fas que fan els usuaris.\n\n <br><br>\n\nCOOKIES DE TERCERS\n\n<br><br>\nAlgunes p\u00e0gines dels nostres llocs web li permeten compartir els nostres continguts en xarxes socials com Facebook, Twitter, Google, etc. Algunes vegades pengem v\u00eddeos de llocs com YouTube. Aquests llocs web dipositen les seves pr\u00f2pies cookies, que nosaltres no controlem. Potser vulgui comprovar els seus llocs web per saber m\u00e9s sobre la seva pol\u00edtica de cookies.\n\n<\/h2>\t\t\t\t<\/div>\n\t\t\t\t<\/div>\n\t\t\t\t<div class=\"elementor-element elementor-element-3d71035 elementor-widget elementor-widget-heading\" data-id=\"3d71035\" data-element_type=\"widget\" data-e-type=\"widget\" data-widget_type=\"heading.default\">\n\t\t\t\t<div class=\"elementor-widget-container\">\n\t\t\t\t\t<h2 class=\"elementor-heading-title elementor-size-default\">M\u00e9s informaci\u00f3 sobre cookies de Google:\n\nhttps:\/\/www.google.es\/intl\/es\/policies\/technologies\/types\/<\/h2>\t\t\t\t<\/div>\n\t\t\t\t<\/div>\n\t\t\t\t<div class=\"elementor-element elementor-element-44d0462 elementor-widget elementor-widget-heading\" data-id=\"44d0462\" data-element_type=\"widget\" data-e-type=\"widget\" data-widget_type=\"heading.default\">\n\t\t\t\t<div class=\"elementor-widget-container\">\n\t\t\t\t\t<h2 class=\"elementor-heading-title elementor-size-default\">Les cookies de AddThis: \u00e9s una empresa tecnol\u00f2gica que permet als llocs web i als seus usuaris compartir f\u00e0cilment el contingut amb els altres, a trav\u00e9s d\u2019icones d\u2019intercanvi i de les destinacions de bookmarking social. Les cookies AddThis s\u2019utilitzen per tal d\u2019habilitar el contingut per ser compartit. AddThis tamb\u00e9 s\u2019utilitza per recopilar informaci\u00f3 sobre com es comparteix contingut del lloc web. Les cookies ajuden a identificar de forma \u00fanica a un usuari \u2014encara que no de forma personal, sin\u00f3 pel que fa a direcci\u00f3\u2014 per no repetir tasques dins d\u2019un per\u00edode de temps especificat. http:\/\/www.addthis.com\/privacy\n\n\n<\/h2>\t\t\t\t<\/div>\n\t\t\t\t<\/div>\n\t\t\t\t<div class=\"elementor-element elementor-element-d0a2cbd elementor-widget elementor-widget-heading\" data-id=\"d0a2cbd\" data-element_type=\"widget\" data-e-type=\"widget\" data-widget_type=\"heading.default\">\n\t\t\t\t<div class=\"elementor-widget-container\">\n\t\t\t\t\t<h2 class=\"elementor-heading-title elementor-size-default\">Aix\u00ed mateix, per permetre, con\u00e8ixer, bloquejar o eliminar les cookies instal\u00b7lades en el teu equip pots fer-ho mitjan\u00e7ant la configuraci\u00f3 de les opcions del navegador instal\u00b7lat en el teu ordinador. Per exemple, pots trobar informaci\u00f3 sobre com fer-ho en el cas que usis com a navegador:\n\n\n<\/h2>\t\t\t\t<\/div>\n\t\t\t\t<\/div>\n\t\t\t\t<div class=\"elementor-element elementor-element-be8fadc elementor-widget elementor-widget-heading\" data-id=\"be8fadc\" data-element_type=\"widget\" data-e-type=\"widget\" data-widget_type=\"heading.default\">\n\t\t\t\t<div class=\"elementor-widget-container\">\n\t\t\t\t\t<h2 class=\"elementor-heading-title elementor-size-default\">Important: Preguem, llegeixi atentament la secci\u00f3 d\u2019ajuda del seu navegador per con\u00e8ixer m\u00e9s sobre com activar la \u201cmanera privada\u201d. Podr\u00e0 seguir visitant nostra web encara que el seu navegador estigui en \u201cmanera privada\u201d, si b\u00e9, la seva navegaci\u00f3 per la nostra web pugues no ser \u00f2ptima i algunes utilitats poden no funcionar correctament.\n\n\n\n\n\n\n<\/h2>\t\t\t\t<\/div>\n\t\t\t\t<\/div>\n\t\t\t\t\t<\/div>\n\t\t<\/div>\n\t\t\t\t\t<\/div>\n\t\t<\/section>\n\t\t\t\t<\/div>\n\t\t","protected":false},"excerpt":{"rendered":"<p>Pol\u00edtica de cookies Qu\u00e8 \u00e9s una cookie? Una cookie \u00e9s un petit fragment de text que els llocs Web envien al navegador i que s\u2019emmagatzemen a la terminal de l\u2019usuari, el qual pot ser un ordinador personal, un tel\u00e8fon m\u00f2bil, un tablet, etc. Aquests arxius permeten que el lloc Web recordi informaci\u00f3 sobre la seva &#8230; <a title=\"Pol\u00edtica de cookies\" class=\"read-more\" href=\"https:\/\/puzzlepassion.com\/ca\/politica-de-cookies\/\" aria-label=\"M\u00e9s informaci\u00f3 sobre Pol\u00edtica de cookies\">Llegiu m\u00e9s<\/a><\/p>\n","protected":false},"author":1,"featured_media":0,"parent":0,"menu_order":0,"comment_status":"closed","ping_status":"closed","template":"elementor_header_footer","meta":{"footnotes":""},"class_list":["post-181","page","type-page","status-publish"],"_links":{"self":[{"href":"https:\/\/puzzlepassion.com\/ca\/wp-json\/wp\/v2\/pages\/181","targetHints":{"allow":["GET"]}}],"collection":[{"href":"https:\/\/puzzlepassion.com\/ca\/wp-json\/wp\/v2\/pages"}],"about":[{"href":"https:\/\/puzzlepassion.com\/ca\/wp-json\/wp\/v2\/types\/page"}],"author":[{"embeddable":true,"href":"https:\/\/puzzlepassion.com\/ca\/wp-json\/wp\/v2\/users\/1"}],"replies":[{"embeddable":true,"href":"https:\/\/puzzlepassion.com\/ca\/wp-json\/wp\/v2\/comments?post=181"}],"version-history":[{"count":0,"href":"https:\/\/puzzlepassion.com\/ca\/wp-json\/wp\/v2\/pages\/181\/revisions"}],"wp:attachment":[{"href":"https:\/\/puzzlepassion.com\/ca\/wp-json\/wp\/v2\/media?parent=181"}],"curies":[{"name":"wp","href":"https:\/\/api.w.org\/{rel}","templated":true}]}}